{"id":114,"date":"2023-10-25T08:50:52","date_gmt":"2023-10-25T08:50:52","guid":{"rendered":"https:\/\/automatizacija-svoboda.hr\/en\/?page_id=114"},"modified":"2023-11-16T15:32:35","modified_gmt":"2023-11-16T15:32:35","slug":"privacy-policy","status":"publish","type":"page","link":"https:\/\/automatizacija-svoboda.hr\/en\/privacy-policy\/","title":{"rendered":"Privacy policy"},"content":{"rendered":"\n<p>Introduction<br>Welcome to the Automatizacija Svoboda d.o.o. website. We value your privacy and will handle your personal information in accordance with this Privacy Policy and applicable data protection legislation.<\/p>\n\n\n\n<h2 class=\"wp-block-heading\">Who are we?<\/h2>\n\n\n\n<p><br>The person responsible for processing your personal data is:<\/p>\n\n\n\n<p>Automation Svoboda d.o.o. Director: Damir Svoboda<\/p>\n\n\n\n<p>Poto\u010dani 2, 44250 Petrinja<\/p>\n\n\n\n<p>For all inquiries related to the protection of your data, you can contact us via the contact form on our website.<\/p>\n\n\n\n<h2 class=\"wp-block-heading\">Data collection<\/h2>\n\n\n\n<p><br>When you visit our website, we may collect the following information:<\/p>\n\n\n\n<p>We collect the information you send us through the contact form, including, but not limited to, your name, email address, and the message you write.<br>We use Google Analytics to track visits and activity on our website. Google Analytics can collect data such as your IP address, the type of device from which you access the website, the duration of the visit, and the like.<br>Information that you voluntarily provide to us (eg when you sign up for the newsletter).<br>Information about your browser, IP address and use of our website using cookies.<\/p>\n\n\n\n<h2 class=\"wp-block-heading\"><br>Use of data<\/h2>\n\n\n\n<p><br>We use the collected data to:<\/p>\n\n\n\n<p>Answered your inquiries sent through the contact form.<br>Analyze traffic and user behavior on our website in order to improve it.<br>Data storage and protection<br>Your data is stored on secure servers, and only authorized persons have access to it.<\/p>\n\n\n\n<h2 class=\"wp-block-heading\">Cookies<\/h2>\n\n\n\n<p><br>Our website uses cookies to provide a better user experience and enable functionalities such as Google Analytics.<\/p>\n\n\n\n<h2 class=\"wp-block-heading\">What are cookies?<\/h2>\n\n\n\n<p>Cookies are small text files that a website saves on your computer or mobile device when you visit it. They allow a website to &#8220;remember&#8221; your actions and settings (such as login, language, font size and other display settings) over a period of time, so they don&#8217;t need to be re-entered every time you return to the website or move from one page to another to another.<\/p>\n\n\n\n<h2 class=\"wp-block-heading\">How do we use cookies?<\/h2>\n\n\n\n<p>Our website uses cookies to:<\/p>\n\n\n\n<p>Provided functionalities that improve the user experience.<br>Collected statistical information about the use of the website in order to understand how users use the website and so that we can improve it. We use Google Analytics for this.<\/p>\n\n\n\n<h2 class=\"wp-block-heading\">Cookie control<\/h2>\n\n\n\n<p>You can control and\/or delete cookies as you wish. You can delete all cookies already stored on your device, and the settings of most browsers allow you to block the storage of cookies. If you block cookies, you may have to manually adjust some settings each time you visit the website, and some services and functionalities may not be available.<\/p>\n\n\n\n<h2 class=\"wp-block-heading\">Cookies we use<\/h2>\n\n\n\n<p>Functional cookies: These cookies enable better functionality and personalization of our website. They may be set by us or by third-party service providers whose services we have added to our site.<br>Analytical cookies: We use Google Analytics to understand how visitors use our website and how we can improve it. Google Analytics cookies help us gain insight into your interactions with the website, but do not identify you personally.<br>Your rights<br>You have the right to request access, correction, deletion or restriction of the processing of your personal data. You also have the right to object to the processing of your data and the right to data portability.<\/p>\n\n\n\n<h2 class=\"wp-block-heading\">Security<\/h2>\n\n\n\n<p><br>We take all necessary technical and organizational measures to ensure the protection of your personal data from unauthorized access, alteration, disclosure or destruction.<\/p>\n\n\n\n<h2 class=\"wp-block-heading\">Changes to the Privacy Policy<\/h2>\n\n\n\n<p><br>We reserve the right to update or change this Privacy Policy at any time. We recommend that you check this page regularly to be informed of any changes.<\/p>\n\n\n\n<h2 class=\"wp-block-heading\">Contact<\/h2>\n\n\n\n<p><br>For all inquiries or requests related to your personal data, please contact us via the contact form on our website.<\/p>\n","protected":false},"excerpt":{"rendered":"<p>IntroductionWelcome to the Automatizacija Svoboda d.o.o. website. We value your privacy and will handle your personal information in accordance with this Privacy Policy and applicable data protection legislation. Who are we? The person responsible for processing your personal data is: Automation Svoboda d.o.o. Director: Damir Svoboda Poto\u010dani 2, 44250 Petrinja For all inquiries related to [&hellip;]<\/p>\n","protected":false},"author":1,"featured_media":0,"parent":0,"menu_order":0,"comment_status":"closed","ping_status":"closed","template":"","meta":{"_et_pb_use_builder":"off","_et_pb_old_content":"<!-- wp:heading -->\n<h2 class=\"wp-block-heading\"><strong>Uvod<\/strong><\/h2>\n<!-- \/wp:heading -->\n\n<!-- wp:paragraph -->\n<p>Dobrodo\u0161li na web stranicu Automatizacija Svoboda d.o.o. Cijenimo va\u0161u privatnost te \u0107emo postupati s va\u0161im osobnim podacima u skladu s ovom Politikom privatnosti i va\u017ee\u0107im zakonodavstvom o za\u0161titi podataka.<\/p>\n<!-- \/wp:paragraph -->\n\n<!-- wp:heading -->\n<h2 class=\"wp-block-heading\"><strong>Tko smo?<\/strong><\/h2>\n<!-- \/wp:heading -->\n\n<!-- wp:paragraph -->\n<p>Odgovorni za obradu va\u0161ih osobnih podataka je:<\/p>\n<!-- \/wp:paragraph -->\n\n<!-- wp:paragraph -->\n<p>Automatizacija Svoboda d.o.o. Direktor: Damir Svoboda<\/p>\n<!-- \/wp:paragraph -->\n\n<!-- wp:paragraph -->\n<p>Poto\u010dani 2, 44250 Petrinja<\/p>\n<!-- \/wp:paragraph -->\n\n<!-- wp:paragraph -->\n<p>Za sve upite vezane uz za\u0161titu va\u0161ih podataka mo\u017eete nas kontaktirati putem kontakt forme na na\u0161oj web stranici.<\/p>\n<!-- \/wp:paragraph -->\n\n<!-- wp:heading -->\n<h2 class=\"wp-block-heading\"><strong>Prikupljanje podataka<\/strong> <\/h2>\n<!-- \/wp:heading -->\n\n<!-- wp:paragraph -->\n<p>Kada posje\u0107ujete na\u0161u web stranicu, mo\u017eemo prikupljati sljede\u0107e informacije:<\/p>\n<!-- \/wp:paragraph -->\n\n<!-- wp:list -->\n<ul><!-- wp:list-item -->\n<li>Prikupljamo informacije koje nam \u0161aljete putem kontakt forme, uklju\u010duju\u0107i, ali ne ograni\u010davaju\u0107i se na, va\u0161e ime, e-mail adresu i poruku koju ste napisali.<\/li>\n<!-- \/wp:list-item -->\n\n<!-- wp:list-item -->\n<li>Koristimo Google Analytics za pra\u0107enje posje\u0107enosti i aktivnosti na na\u0161oj web stranici. Google Analytics mo\u017ee prikupljati podatke poput va\u0161e IP adrese, vrste ure\u0111aja s kojeg pristupate web stranici, trajanja posjeta i sli\u010dno.<\/li>\n<!-- \/wp:list-item -->\n\n<!-- wp:list-item -->\n<li>Informacije koje nam dobrovoljno dostavite (npr. kada se prijavljujete za newsletter).<\/li>\n<!-- \/wp:list-item -->\n\n<!-- wp:list-item -->\n<li>Informacije o va\u0161em pregledniku, IP adresi i kori\u0161tenju na\u0161e web stranice pomo\u0107u kola\u010di\u0107a.<\/li>\n<!-- \/wp:list-item --><\/ul>\n<!-- \/wp:list -->\n\n<!-- wp:heading -->\n<h2 class=\"wp-block-heading\"><strong>Kori\u0161tenje podataka<\/strong> <\/h2>\n<!-- \/wp:heading -->\n\n<!-- wp:paragraph -->\n<p>Koristimo prikupljene podatke kako bismo:<\/p>\n<!-- \/wp:paragraph -->\n\n<!-- wp:list -->\n<ul><!-- wp:list-item -->\n<li>Odgovorili na va\u0161e upite poslane putem kontakt forme.<\/li>\n<!-- \/wp:list-item -->\n\n<!-- wp:list-item -->\n<li>Analizirali posje\u0107enost i korisni\u010dko pona\u0161anje na na\u0161oj web stranici kako bismo je pobolj\u0161ali.<\/li>\n<!-- \/wp:list-item --><\/ul>\n<!-- \/wp:list -->\n\n<!-- wp:heading -->\n<h2 class=\"wp-block-heading\"><strong>Pohrana i za\u0161tita podataka<\/strong> <\/h2>\n<!-- \/wp:heading -->\n\n<!-- wp:paragraph -->\n<p>Va\u0161i podaci se \u010duvaju na sigurnim poslu\u017eiteljima, a pristup njima imaju samo ovla\u0161tene osobe.<\/p>\n<!-- \/wp:paragraph -->\n\n<!-- wp:heading -->\n<h2 class=\"wp-block-heading\"><strong>Kola\u010di\u0107i<\/strong> <\/h2>\n<!-- \/wp:heading -->\n\n<!-- wp:paragraph -->\n<p>Na\u0161a web stranica koristi kola\u010di\u0107e kako bi osigurala bolje korisni\u010dko iskustvo i omogu\u0107ila funkcionalnosti poput Google Analyticsa. <\/p>\n<!-- \/wp:paragraph -->\n\n<!-- wp:paragraph -->\n<p><strong>1. \u0160to su kola\u010di\u0107i?<\/strong><\/p>\n<!-- \/wp:paragraph -->\n\n<!-- wp:paragraph -->\n<p>Kola\u010di\u0107i su male tekstualne datoteke koje web stranica sprema na va\u0161e ra\u010dunalo ili mobilni ure\u0111aj kada ju posjetite. Omogu\u0107uju web stranici da \"zapamti\" va\u0161e radnje i postavke (kao \u0161to su prijava, jezik, veli\u010dina fonta i druge postavke prikaza) tijekom odre\u0111enog vremenskog razdoblja, pa ih nije potrebno ponovno unositi svaki put kada se vratite na web stranicu ili prelazite s jedne stranice na drugu.<\/p>\n<!-- \/wp:paragraph -->\n\n<!-- wp:paragraph -->\n<p><strong>2. Kako koristimo kola\u010di\u0107e?<\/strong><\/p>\n<!-- \/wp:paragraph -->\n\n<!-- wp:paragraph -->\n<p>Na\u0161a web stranica koristi kola\u010di\u0107e kako bi:<\/p>\n<!-- \/wp:paragraph -->\n\n<!-- wp:list -->\n<ul><!-- wp:list-item -->\n<li>Osigurala funkcionalnosti koje pobolj\u0161avaju korisni\u010dko iskustvo.<\/li>\n<!-- \/wp:list-item -->\n\n<!-- wp:list-item -->\n<li>Prikupila statisti\u010dke podatke o kori\u0161tenju web stranice kako bismo razumjeli kako korisnici koriste web stranicu i kako bismo je mogli pobolj\u0161ati. Za to koristimo Google Analytics.<\/li>\n<!-- \/wp:list-item --><\/ul>\n<!-- \/wp:list -->\n\n<!-- wp:paragraph -->\n<p><strong>3. Kontrola kola\u010di\u0107a<\/strong><\/p>\n<!-- \/wp:paragraph -->\n\n<!-- wp:paragraph -->\n<p>Mo\u017eete kontrolirati i\/ili izbrisati kola\u010di\u0107e prema \u017eelji. Mo\u017eete izbrisati sve kola\u010di\u0107e koji su ve\u0107 pohranjeni na va\u0161em ure\u0111aju, a postavke ve\u0107ine preglednika omogu\u0107uju blokiranje pohrane kola\u010di\u0107a. Ako blokirate kola\u010di\u0107e, mo\u017eda \u0107ete ru\u010dno morati prilago\u0111avati neke postavke svaki put kada posjetite web stranicu, a neke usluge i funkcionalnosti mo\u017eda ne\u0107e biti dostupne.<\/p>\n<!-- \/wp:paragraph -->\n\n<!-- wp:paragraph -->\n<p><strong>4. Kola\u010di\u0107i koje koristimo<\/strong><\/p>\n<!-- \/wp:paragraph -->\n\n<!-- wp:list -->\n<ul><!-- wp:list-item -->\n<li><strong>Funkcionalni kola\u010di\u0107i<\/strong>: Ovi kola\u010di\u0107i omogu\u0107uju bolju funkcionalnost i personalizaciju na\u0161e web stranice. Mogu ih postaviti mi ili vanjski pru\u017eatelji usluga \u010dije smo usluge dodali na na\u0161u stranicu.<\/li>\n<!-- \/wp:list-item -->\n\n<!-- wp:list-item -->\n<li><strong>Analiti\u010dki kola\u010di\u0107i<\/strong>: Koristimo Google Analytics kako bismo razumjeli kako posjetitelji koriste na\u0161u web stranicu i kako je mo\u017eemo pobolj\u0161ati. Google Analytics kola\u010di\u0107i poma\u017eu nam dobiti uvid u va\u0161e interakcije s web stranicom, ali vas ne identificiraju osobno.<\/li>\n<!-- \/wp:list-item --><\/ul>\n<!-- \/wp:list -->\n\n<!-- wp:heading -->\n<h2 class=\"wp-block-heading\"><strong>Va\u0161a prava<\/strong> <\/h2>\n<!-- \/wp:heading -->\n\n<!-- wp:paragraph -->\n<p>Imate pravo zatra\u017eiti pristup, ispravak, brisanje ili ograni\u010denje obrade va\u0161ih osobnih podataka. Tako\u0111er imate pravo ulo\u017eiti prigovor na obradu va\u0161ih podataka i pravo na prijenos podataka.<\/p>\n<!-- \/wp:paragraph -->\n\n<!-- wp:heading -->\n<h2 class=\"wp-block-heading\"><strong> Sigurnost<\/strong><\/h2>\n<!-- \/wp:heading -->\n\n<!-- wp:paragraph -->\n<p>Poduzimamo sve potrebne tehni\u010dke i organizacijske mjere kako bismo osigurali za\u0161titu va\u0161ih osobnih podataka od neovla\u0161tenog pristupa, promjene, otkrivanja ili uni\u0161tenja.<\/p>\n<!-- \/wp:paragraph -->\n\n<!-- wp:heading -->\n<h2 class=\"wp-block-heading\"><strong>Promjene Politike privatnosti<\/strong><\/h2>\n<!-- \/wp:heading -->\n\n<!-- wp:paragraph -->\n<p>Zadr\u017eavamo pravo a\u017euriranja ili promjene ove Politike privatnosti u bilo kojem trenutku. Preporu\u010dujemo da redovito provjeravate ovu stranicu kako biste bili informirani o eventualnim promjenama.<\/p>\n<!-- \/wp:paragraph -->\n\n<!-- wp:heading -->\n<h2 class=\"wp-block-heading\"><strong> Kontakt<\/strong><\/h2>\n<!-- \/wp:heading -->\n\n<!-- wp:paragraph -->\n<p>Za sve upite ili zahtjeve vezane uz va\u0161e osobne podatke, molimo vas da nas kontaktirate putem kontakt forme na na\u0161oj web stranici.<\/p>\n<!-- \/wp:paragraph -->","_et_gb_content_width":"","footnotes":""},"class_list":["post-114","page","type-page","status-publish","hentry"],"yoast_head":"<!-- This site is optimized with the Yoast SEO plugin v23.7 - https:\/\/yoast.com\/wordpress\/plugins\/seo\/ -->\n<title>Privacy policy - Automatizacija Svoboda\/en<\/title>\n<meta name=\"robots\" content=\"index, follow, max-snippet:-1, max-image-preview:large, max-video-preview:-1\" \/>\n<link rel=\"canonical\" href=\"https:\/\/automatizacija-svoboda.hr\/en\/privacy-policy\/\" \/>\n<meta property=\"og:locale\" content=\"en_GB\" \/>\n<meta property=\"og:type\" content=\"article\" \/>\n<meta property=\"og:title\" content=\"Privacy policy - Automatizacija Svoboda\/en\" \/>\n<meta property=\"og:description\" content=\"IntroductionWelcome to the Automatizacija Svoboda d.o.o. website. We value your privacy and will handle your personal information in accordance with this Privacy Policy and applicable data protection legislation. Who are we? The person responsible for processing your personal data is: Automation Svoboda d.o.o. Director: Damir Svoboda Poto\u010dani 2, 44250 Petrinja For all inquiries related to [&hellip;]\" \/>\n<meta property=\"og:url\" content=\"https:\/\/automatizacija-svoboda.hr\/en\/privacy-policy\/\" \/>\n<meta property=\"og:site_name\" content=\"Automatizacija Svoboda\/en\" \/>\n<meta property=\"article:modified_time\" content=\"2023-11-16T15:32:35+00:00\" \/>\n<meta name=\"twitter:card\" content=\"summary_large_image\" \/>\n<meta name=\"twitter:label1\" content=\"Estimated reading time\" \/>\n\t<meta name=\"twitter:data1\" content=\"3 minutes\" \/>\n<script type=\"application\/ld+json\" class=\"yoast-schema-graph\">{\"@context\":\"https:\/\/schema.org\",\"@graph\":[{\"@type\":\"WebPage\",\"@id\":\"https:\/\/automatizacija-svoboda.hr\/en\/privacy-policy\/\",\"url\":\"https:\/\/automatizacija-svoboda.hr\/en\/privacy-policy\/\",\"name\":\"Privacy policy - Automatizacija Svoboda\/en\",\"isPartOf\":{\"@id\":\"https:\/\/automatizacija-svoboda.hr\/en\/#website\"},\"datePublished\":\"2023-10-25T08:50:52+00:00\",\"dateModified\":\"2023-11-16T15:32:35+00:00\",\"breadcrumb\":{\"@id\":\"https:\/\/automatizacija-svoboda.hr\/en\/privacy-policy\/#breadcrumb\"},\"inLanguage\":\"en-GB\",\"potentialAction\":[{\"@type\":\"ReadAction\",\"target\":[\"https:\/\/automatizacija-svoboda.hr\/en\/privacy-policy\/\"]}]},{\"@type\":\"BreadcrumbList\",\"@id\":\"https:\/\/automatizacija-svoboda.hr\/en\/privacy-policy\/#breadcrumb\",\"itemListElement\":[{\"@type\":\"ListItem\",\"position\":1,\"name\":\"Po\u010detna stranica\",\"item\":\"https:\/\/automatizacija-svoboda.hr\/en\/\"},{\"@type\":\"ListItem\",\"position\":2,\"name\":\"Privacy policy\"}]},{\"@type\":\"WebSite\",\"@id\":\"https:\/\/automatizacija-svoboda.hr\/en\/#website\",\"url\":\"https:\/\/automatizacija-svoboda.hr\/en\/\",\"name\":\"Automatizacija Svoboda\/en\",\"description\":\"Inspirirani tehnologijom\",\"publisher\":{\"@id\":\"https:\/\/automatizacija-svoboda.hr\/en\/#organization\"},\"potentialAction\":[{\"@type\":\"SearchAction\",\"target\":{\"@type\":\"EntryPoint\",\"urlTemplate\":\"https:\/\/automatizacija-svoboda.hr\/en\/?s={search_term_string}\"},\"query-input\":{\"@type\":\"PropertyValueSpecification\",\"valueRequired\":true,\"valueName\":\"search_term_string\"}}],\"inLanguage\":\"en-GB\"},{\"@type\":\"Organization\",\"@id\":\"https:\/\/automatizacija-svoboda.hr\/en\/#organization\",\"name\":\"Automatizacija Svoboda d.o.o.\",\"url\":\"https:\/\/automatizacija-svoboda.hr\/en\/\",\"logo\":{\"@type\":\"ImageObject\",\"inLanguage\":\"en-GB\",\"@id\":\"https:\/\/automatizacija-svoboda.hr\/en\/#\/schema\/logo\/image\/\",\"url\":\"https:\/\/automatizacija-svoboda.hr\/en\/wp-content\/uploads\/2023\/10\/AUTOMATIZACIJA-SVOBODA_logo-horizontalni-sa-sloganom-color-negativ-na-podlozi-scaled-e1697640703302.jpg\",\"contentUrl\":\"https:\/\/automatizacija-svoboda.hr\/en\/wp-content\/uploads\/2023\/10\/AUTOMATIZACIJA-SVOBODA_logo-horizontalni-sa-sloganom-color-negativ-na-podlozi-scaled-e1697640703302.jpg\",\"width\":1800,\"height\":1273,\"caption\":\"Automatizacija Svoboda d.o.o.\"},\"image\":{\"@id\":\"https:\/\/automatizacija-svoboda.hr\/en\/#\/schema\/logo\/image\/\"}}]}<\/script>\n<!-- \/ Yoast SEO plugin. -->","yoast_head_json":{"title":"Privacy policy - Automatizacija Svoboda\/en","robots":{"index":"index","follow":"follow","max-snippet":"max-snippet:-1","max-image-preview":"max-image-preview:large","max-video-preview":"max-video-preview:-1"},"canonical":"https:\/\/automatizacija-svoboda.hr\/en\/privacy-policy\/","og_locale":"en_GB","og_type":"article","og_title":"Privacy policy - Automatizacija Svoboda\/en","og_description":"IntroductionWelcome to the Automatizacija Svoboda d.o.o. website. We value your privacy and will handle your personal information in accordance with this Privacy Policy and applicable data protection legislation. Who are we? The person responsible for processing your personal data is: Automation Svoboda d.o.o. Director: Damir Svoboda Poto\u010dani 2, 44250 Petrinja For all inquiries related to [&hellip;]","og_url":"https:\/\/automatizacija-svoboda.hr\/en\/privacy-policy\/","og_site_name":"Automatizacija Svoboda\/en","article_modified_time":"2023-11-16T15:32:35+00:00","twitter_card":"summary_large_image","twitter_misc":{"Estimated reading time":"3 minutes"},"schema":{"@context":"https:\/\/schema.org","@graph":[{"@type":"WebPage","@id":"https:\/\/automatizacija-svoboda.hr\/en\/privacy-policy\/","url":"https:\/\/automatizacija-svoboda.hr\/en\/privacy-policy\/","name":"Privacy policy - Automatizacija Svoboda\/en","isPartOf":{"@id":"https:\/\/automatizacija-svoboda.hr\/en\/#website"},"datePublished":"2023-10-25T08:50:52+00:00","dateModified":"2023-11-16T15:32:35+00:00","breadcrumb":{"@id":"https:\/\/automatizacija-svoboda.hr\/en\/privacy-policy\/#breadcrumb"},"inLanguage":"en-GB","potentialAction":[{"@type":"ReadAction","target":["https:\/\/automatizacija-svoboda.hr\/en\/privacy-policy\/"]}]},{"@type":"BreadcrumbList","@id":"https:\/\/automatizacija-svoboda.hr\/en\/privacy-policy\/#breadcrumb","itemListElement":[{"@type":"ListItem","position":1,"name":"Po\u010detna stranica","item":"https:\/\/automatizacija-svoboda.hr\/en\/"},{"@type":"ListItem","position":2,"name":"Privacy policy"}]},{"@type":"WebSite","@id":"https:\/\/automatizacija-svoboda.hr\/en\/#website","url":"https:\/\/automatizacija-svoboda.hr\/en\/","name":"Automatizacija Svoboda\/en","description":"Inspirirani tehnologijom","publisher":{"@id":"https:\/\/automatizacija-svoboda.hr\/en\/#organization"},"potentialAction":[{"@type":"SearchAction","target":{"@type":"EntryPoint","urlTemplate":"https:\/\/automatizacija-svoboda.hr\/en\/?s={search_term_string}"},"query-input":{"@type":"PropertyValueSpecification","valueRequired":true,"valueName":"search_term_string"}}],"inLanguage":"en-GB"},{"@type":"Organization","@id":"https:\/\/automatizacija-svoboda.hr\/en\/#organization","name":"Automatizacija Svoboda d.o.o.","url":"https:\/\/automatizacija-svoboda.hr\/en\/","logo":{"@type":"ImageObject","inLanguage":"en-GB","@id":"https:\/\/automatizacija-svoboda.hr\/en\/#\/schema\/logo\/image\/","url":"https:\/\/automatizacija-svoboda.hr\/en\/wp-content\/uploads\/2023\/10\/AUTOMATIZACIJA-SVOBODA_logo-horizontalni-sa-sloganom-color-negativ-na-podlozi-scaled-e1697640703302.jpg","contentUrl":"https:\/\/automatizacija-svoboda.hr\/en\/wp-content\/uploads\/2023\/10\/AUTOMATIZACIJA-SVOBODA_logo-horizontalni-sa-sloganom-color-negativ-na-podlozi-scaled-e1697640703302.jpg","width":1800,"height":1273,"caption":"Automatizacija Svoboda d.o.o."},"image":{"@id":"https:\/\/automatizacija-svoboda.hr\/en\/#\/schema\/logo\/image\/"}}]}},"_links":{"self":[{"href":"https:\/\/automatizacija-svoboda.hr\/en\/wp-json\/wp\/v2\/pages\/114","targetHints":{"allow":["GET"]}}],"collection":[{"href":"https:\/\/automatizacija-svoboda.hr\/en\/wp-json\/wp\/v2\/pages"}],"about":[{"href":"https:\/\/automatizacija-svoboda.hr\/en\/wp-json\/wp\/v2\/types\/page"}],"author":[{"embeddable":true,"href":"https:\/\/automatizacija-svoboda.hr\/en\/wp-json\/wp\/v2\/users\/1"}],"replies":[{"embeddable":true,"href":"https:\/\/automatizacija-svoboda.hr\/en\/wp-json\/wp\/v2\/comments?post=114"}],"version-history":[{"count":9,"href":"https:\/\/automatizacija-svoboda.hr\/en\/wp-json\/wp\/v2\/pages\/114\/revisions"}],"predecessor-version":[{"id":510,"href":"https:\/\/automatizacija-svoboda.hr\/en\/wp-json\/wp\/v2\/pages\/114\/revisions\/510"}],"wp:attachment":[{"href":"https:\/\/automatizacija-svoboda.hr\/en\/wp-json\/wp\/v2\/media?parent=114"}],"curies":[{"name":"wp","href":"https:\/\/api.w.org\/{rel}","templated":true}]}}